{"id":1485,"date":"2023-09-19T14:48:08","date_gmt":"2023-09-19T14:48:08","guid":{"rendered":"https:\/\/kritzelklar.de\/?page_id=1485"},"modified":"2024-09-09T21:19:52","modified_gmt":"2024-09-09T21:19:52","slug":"herzlich-willkommen","status":"publish","type":"page","link":"https:\/\/kritzelklar.de\/","title":{"rendered":"Herzlich Willkommen"},"content":{"rendered":"\n<h1>\n\t\tAnimationsfilme und Workshops\n\t<\/h1>\n\tkritzel.klar entwickelt animierte Erkl\u00e4rfilme f\u00fcr Kinder zu \u00f6konomischen Themen, bietet Workshops und partizipative und kreative Bildungsformate an (Grund-) Schulen an.<br \/>\n\n<h2>\n\t\tUnsere Arbeit\n\t<\/h2>\n\t\t\t\t<img decoding=\"async\" src=\"http:\/\/kritzelklar.de\/wp-content\/uploads\/2024\/06\/signal-2024-05-25-135149_003.jpeg\" alt=\"signal-2024-05-25-135149_003\" itemprop=\"image\" title=\"signal-2024-05-25-135149_003\" onerror=\"this.style.display='none'\"  \/>\n\tErfahrt mehr \u00fcber unser aktuelles Projekt &#8222;Happy end f\u00fcr alle!?&#8220;<a role=\"button\" href=\"https:\/\/kritzelklar.de\/?page_id=6\" target=\"_self\" rel=\"noopener\"><br \/>\n<\/a>\n\t\t\t\t<img decoding=\"async\" src=\"http:\/\/kritzelklar.de\/wp-content\/uploads\/2020\/12\/schule.jpg\" alt=\"schule\" itemprop=\"image\" title=\"schule\" onerror=\"this.style.display='none'\"  \/>\n\t<p>Hier findet ihr Berichte zu vergangenen Veranstaltungen an Schulen in Berlin und Hessen<\/p>\n\t\t\t\t<img decoding=\"async\" src=\"http:\/\/kritzelklar.de\/wp-content\/uploads\/2023\/09\/titelbild.png\" alt=\"titelbild\" itemprop=\"image\" title=\"titelbild\" onerror=\"this.style.display='none'\"  \/>\n\t<p>Entdeckt unsere Erkl\u00e4rfilmreihe &#8222;Pic und Voice: Was ist Geld?&#8220; &#8211; f\u00fcr Kinder ab 10 Jahren<\/p>\n\t\t\t<a href=\"https:\/\/kritzelklar.de\/?page_id=1542\" target=\"_self\" rel=\"noopener\">\n\t\t\t\t\t\tAktuelles Projekt\n\t\t\t\t\t<\/a>\n\t\t\t<a href=\"https:\/\/kritzelklar.de\/?page_id=10\" target=\"_self\" rel=\"noopener\">\n\t\t\t\t\t\tVergangene Workshops\n\t\t\t\t\t<\/a>\n\t\t\t<a href=\"https:\/\/kritzelklar.de\/?page_id=650\" target=\"_self\" rel=\"noopener\">\n\t\t\t\t\t\tZu den Filmen\n\t\t\t\t\t<\/a>\n<h2>\n\t\tWorkshops f\u00fcr Schulen!\n\t<\/h2>\n\tUnsere Workshops f\u00fcr die 5. und 6. Klassenstufe pr\u00e4sentieren die spannende Erkl\u00e4rfilmreihe &#8218;Pic &amp; Voice: Was ist Geld?&#8216;. In diesem Kontext erkunden wir die\u00a0 Themen Geld, Tausch und Arbeit. Mit einer Reihe von interaktiven Spielen und Methoden nehmen wir scheinbar Selbstverst\u00e4ndliches unter die Lupe und regen zum Diskutieren &amp; Nachdenken \u00fcber Ver\u00e4nderungsm\u00f6glichkeiten an.<a role=\"button\" href=\"https:\/\/kritzelklar.de\/?page_id=1383\" target=\"_self\" rel=\"noopener\"><br \/>\n<\/a>\n\t\t\t<a href=\"https:\/\/kritzelklar.de\/?page_id=1383\" target=\"_self\" rel=\"noopener\">\n\t\t\t\t\t\tZum Workshopangebot\n\t\t\t\t\t<\/a>\n\t\t\t\t<img decoding=\"async\" src=\"http:\/\/kritzelklar.de\/wp-content\/uploads\/2023\/06\/krikl_3a-820x420.png\" alt=\"krikl_3a\" itemprop=\"image\" title=\"krikl_3a\" onerror=\"this.style.display='none'\"  \/>\n<h2>\n\t\t\u00dcber uns\n\t<\/h2>\n\tkritzel.klar realisiert Projekte in den Bereichen Film, kulturelle und politische Bildung in Berlin und Frankfurt.<a role=\"button\" href=\"https:\/\/kritzelklar.de\/?page_id=1274\" target=\"_self\" rel=\"noopener\"><br \/>\n<\/a>\n\t\t\t<a href=\"https:\/\/kritzelklar.de\/?page_id=1274\" target=\"_self\" rel=\"noopener\">\n\t\t\t\t\t\tErfahre mehr\n\t\t\t\t\t<\/a>\n\n","protected":false},"excerpt":{"rendered":"<p>Animationsfilme und Workshops kritzel.klar entwickelt animierte Erkl\u00e4rfilme f\u00fcr Kinder zu \u00f6konomischen Themen, bietet Workshops und partizipative und kreative Bildungsformate an (Grund-) Schulen an. Unsere Arbeit Erfahrt mehr \u00fcber unser aktuelles Projekt &#8222;Happy end f\u00fcr alle!?&#8220; Hier findet ihr Berichte zu vergangenen Veranstaltungen an Schulen in Berlin und Hessen Entdeckt unsere Erkl\u00e4rfilmreihe &#8222;Pic und Voice: Was [&hellip;]<\/p>\n","protected":false},"author":1,"featured_media":0,"parent":0,"menu_order":0,"comment_status":"closed","ping_status":"closed","template":"","meta":[],"_links":{"self":[{"href":"https:\/\/kritzelklar.de\/index.php?rest_route=\/wp\/v2\/pages\/1485"}],"collection":[{"href":"https:\/\/kritzelklar.de\/index.php?rest_route=\/wp\/v2\/pages"}],"about":[{"href":"https:\/\/kritzelklar.de\/index.php?rest_route=\/wp\/v2\/types\/page"}],"author":[{"embeddable":true,"href":"https:\/\/kritzelklar.de\/index.php?rest_route=\/wp\/v2\/users\/1"}],"replies":[{"embeddable":true,"href":"https:\/\/kritzelklar.de\/index.php?rest_route=%2Fwp%2Fv2%2Fcomments&post=1485"}],"version-history":[{"count":8,"href":"https:\/\/kritzelklar.de\/index.php?rest_route=\/wp\/v2\/pages\/1485\/revisions"}],"predecessor-version":[{"id":1594,"href":"https:\/\/kritzelklar.de\/index.php?rest_route=\/wp\/v2\/pages\/1485\/revisions\/1594"}],"wp:attachment":[{"href":"https:\/\/kritzelklar.de\/index.php?rest_route=%2Fwp%2Fv2%2Fmedia&parent=1485"}],"curies":[{"name":"wp","href":"https:\/\/api.w.org\/{rel}","templated":true}]}}