{"id":1542,"date":"2024-06-21T20:44:48","date_gmt":"2024-06-21T20:44:48","guid":{"rendered":"https:\/\/kritzelklar.de\/?page_id=1542"},"modified":"2024-09-19T20:14:15","modified_gmt":"2024-09-19T20:14:15","slug":"happy-end-fuer-alle","status":"publish","type":"page","link":"https:\/\/kritzelklar.de\/?page_id=1542","title":{"rendered":"Happy End f\u00fcr alle"},"content":{"rendered":"\n\n\t<strong>PREMIERENFEIER<\/strong> am 13.9.2024\nAm 13.09.2024 um 11 Uhr werden die Filme, die im Rahmen von &#8222;Happy End f\u00fcr alle!?&#8220; entstanden sind im Museum des Kapitalismus ihre Premiere feiern. Kommt vorbei!\n<strong>Projektbeschreibung:<\/strong>\nIn unserem aktuellen Projekt &#8218;Happy End f\u00fcr alle?!&#8216; begeben sich die Kinder der 5b aus der Beatrix Potter Schule in Marzahn auf ein aufregendes Abenteuer in die Welt der sozialen Gerechtigkeit.\n<p>In partizipativen Filmwerkst\u00e4tten toben sie ihre Fantasie aus und sch\u00e4rfen ihren Gerechtigkeitssinn. Gemeinsam mit dem Team von kritzel.klar entdecken sie eine magische Welt voller Drachen, Fabelwesen und mutiger Prinzessinnen, in der klassische M\u00e4rchen neu erfunden werden.<\/p>\n<p>Wie sieht Gerechtigkeit im M\u00e4rchen aus? Welche Kinderrechte gibt es? Und wie kann ein M\u00e4rchen f\u00fcr alle, und nicht nur f\u00fcr die sch\u00f6ne Prinzessin, gut ausgehen?<\/p>\n<p>Mit Unterst\u00fctzung eines erfahrenen Filmteams entstehen dabei zauberhafte animierte Filmclips, die die Sch\u00fcler*innen nutzen, um ihre Botschaften in die Welt zu tragen und f\u00fcr Kinderrechte einzutreten.<\/p>\n<p>In Kooperation mit dem Verein f\u00fcr Bildung und Partizipation e.V. wird das Projekt im Fr\u00fchjahr und Sommer 2024 umgesetzt.<\/p>\n<p>Gef\u00f6rdert von der PwC Stiftung und vom Deutschen Kinderhilfswerk.<\/p>\n\t\t\t<a href=\"https:\/\/youtu.be\/3V6cvlosFhM?si=_rdO_nBBSoiRy8ut\" target=\"_self\" rel=\"noopener\">\n\t\t\t\t\t\tHier gehts zu den Filmen auf YouTube\n\t\t\t\t\t<\/a>\n\t\t\t\t<img decoding=\"async\" src=\"http:\/\/kritzelklar.de\/wp-content\/uploads\/2024\/06\/signal-2024-05-25-134707_011-225x300.jpeg\" alt=\"signal-2024-05-25-134707_011\" itemprop=\"image\" title=\"signal-2024-05-25-134707_011\" onerror=\"this.style.display='none'\"  \/>\n\t\t\t\t<img decoding=\"async\" src=\"http:\/\/kritzelklar.de\/wp-content\/uploads\/2024\/06\/signal-2024-05-25-134707_009-225x300.jpeg\" alt=\"signal-2024-05-25-134707_009\" itemprop=\"image\" title=\"signal-2024-05-25-134707_009\" onerror=\"this.style.display='none'\"  \/>\n\t\t\t\t<img decoding=\"async\" src=\"http:\/\/kritzelklar.de\/wp-content\/uploads\/2024\/06\/signal-2024-05-21-142930_007-820x461.jpeg\" alt=\"signal-2024-05-21-142930_007\" itemprop=\"image\" title=\"signal-2024-05-21-142930_007\" onerror=\"this.style.display='none'\"  \/>\n\t\t\t\t<img decoding=\"async\" src=\"http:\/\/kritzelklar.de\/wp-content\/uploads\/2024\/09\/Einladung_Premiere_happyEnd-copy.jpg\" alt=\"Einladung_Premiere_happyEnd copy\" itemprop=\"image\" title=\"Einladung_Premiere_happyEnd copy\" onerror=\"this.style.display='none'\"  \/>\n\n","protected":false},"excerpt":{"rendered":"<p>PREMIERENFEIER am 13.9.2024 Am 13.09.2024 um 11 Uhr werden die Filme, die im Rahmen von &#8222;Happy End f\u00fcr alle!?&#8220; entstanden sind im Museum des Kapitalismus ihre Premiere feiern. Kommt vorbei! Projektbeschreibung: In unserem aktuellen Projekt &#8218;Happy End f\u00fcr alle?!&#8216; begeben sich die Kinder der 5b aus der Beatrix Potter Schule in Marzahn auf ein aufregendes [&hellip;]<\/p>\n","protected":false},"author":1,"featured_media":0,"parent":0,"menu_order":0,"comment_status":"closed","ping_status":"closed","template":"","meta":[],"_links":{"self":[{"href":"https:\/\/kritzelklar.de\/index.php?rest_route=\/wp\/v2\/pages\/1542"}],"collection":[{"href":"https:\/\/kritzelklar.de\/index.php?rest_route=\/wp\/v2\/pages"}],"about":[{"href":"https:\/\/kritzelklar.de\/index.php?rest_route=\/wp\/v2\/types\/page"}],"author":[{"embeddable":true,"href":"https:\/\/kritzelklar.de\/index.php?rest_route=\/wp\/v2\/users\/1"}],"replies":[{"embeddable":true,"href":"https:\/\/kritzelklar.de\/index.php?rest_route=%2Fwp%2Fv2%2Fcomments&post=1542"}],"version-history":[{"count":8,"href":"https:\/\/kritzelklar.de\/index.php?rest_route=\/wp\/v2\/pages\/1542\/revisions"}],"predecessor-version":[{"id":1602,"href":"https:\/\/kritzelklar.de\/index.php?rest_route=\/wp\/v2\/pages\/1542\/revisions\/1602"}],"wp:attachment":[{"href":"https:\/\/kritzelklar.de\/index.php?rest_route=%2Fwp%2Fv2%2Fmedia&parent=1542"}],"curies":[{"name":"wp","href":"https:\/\/api.w.org\/{rel}","templated":true}]}}