{"id":4,"date":"2019-10-04T11:43:07","date_gmt":"2019-10-04T11:43:07","guid":{"rendered":"https:\/\/kollektiv-dunkelbunt.de\/?page_id=4"},"modified":"2024-06-28T23:21:44","modified_gmt":"2024-06-28T23:21:44","slug":"film","status":"publish","type":"page","link":"https:\/\/kritzelklar.de\/?page_id=4","title":{"rendered":"Filme"},"content":{"rendered":"\n<div class=\"is-layout-flex wp-container-4 wp-block-columns\">\n<div class=\"is-layout-flow wp-block-column\"><\/div>\n\n\n\n<div class=\"is-layout-flow wp-block-column\">\n<div class=\"wp-block-media-text alignwide has-media-on-the-right is-stacked-on-mobile\" style=\"grid-template-columns:auto 35%\"><div class=\"wp-block-media-text__content\">\n<p><a href=\"https:\/\/kritzelklar.de\/?page_id=1556\" data-type=\"page\" data-id=\"1556\">Hier <\/a>geht es zu den drei M\u00e4rchenfilmen aus dem Projekt &#8222;Happy end f\u00fcr alle?!&#8220;<\/p>\n<\/div><figure class=\"wp-block-media-text__media\"><img decoding=\"async\" loading=\"lazy\" width=\"820\" height=\"461\" src=\"https:\/\/kritzelklar.de\/wp-content\/uploads\/2024\/06\/cast-gelb-820x461.jpg\" alt=\"\" class=\"wp-image-1561 size-minimal-blog-featured-image\"\/><\/figure><\/div>\n<\/div>\n\n\n\n<div class=\"is-layout-flow wp-block-column\"><\/div>\n<\/div>\n\n\n\n<div class=\"is-layout-flex wp-container-8 wp-block-columns\">\n<div class=\"is-layout-flow wp-block-column\"><\/div>\n\n\n\n<div class=\"is-layout-flow wp-block-column\">\n<div class=\"wp-block-media-text alignwide has-media-on-the-right is-stacked-on-mobile\" style=\"grid-template-columns:auto 35%\"><div class=\"wp-block-media-text__content\">\n<p><a href=\"https:\/\/kritzelklar.de\/?page_id=650\" data-type=\"page\" data-id=\"650\">Hier<\/a> geht es zur Erkl\u00e4rfilmreihe &#8222;Pic und Voice: Was ist Geld?&#8220;<\/p>\n<\/div><figure class=\"wp-block-media-text__media\"><img decoding=\"async\" loading=\"lazy\" width=\"820\" height=\"587\" src=\"https:\/\/kritzelklar.de\/wp-content\/uploads\/2023\/09\/titelbild-820x587.png\" alt=\"\" class=\"wp-image-1487 size-minimal-blog-featured-image\" srcset=\"https:\/\/kritzelklar.de\/wp-content\/uploads\/2023\/09\/titelbild-820x587.png 820w, https:\/\/kritzelklar.de\/wp-content\/uploads\/2023\/09\/titelbild-300x215.png 300w, https:\/\/kritzelklar.de\/wp-content\/uploads\/2023\/09\/titelbild-700x501.png 700w, https:\/\/kritzelklar.de\/wp-content\/uploads\/2023\/09\/titelbild-768x550.png 768w, https:\/\/kritzelklar.de\/wp-content\/uploads\/2023\/09\/titelbild.png 979w\" sizes=\"(max-width: 820px) 100vw, 820px\" \/><\/figure><\/div>\n<\/div>\n\n\n\n<div class=\"is-layout-flow wp-block-column\"><\/div>\n<\/div>\n","protected":false},"excerpt":{"rendered":"<p>Hier geht es zu den drei M\u00e4rchenfilmen aus dem Projekt &#8222;Happy end f\u00fcr alle?!&#8220; Hier geht es zur Erkl\u00e4rfilmreihe &#8222;Pic und Voice: Was ist Geld?&#8220;<\/p>\n","protected":false},"author":1,"featured_media":0,"parent":0,"menu_order":0,"comment_status":"closed","ping_status":"closed","template":"","meta":[],"_links":{"self":[{"href":"https:\/\/kritzelklar.de\/index.php?rest_route=\/wp\/v2\/pages\/4"}],"collection":[{"href":"https:\/\/kritzelklar.de\/index.php?rest_route=\/wp\/v2\/pages"}],"about":[{"href":"https:\/\/kritzelklar.de\/index.php?rest_route=\/wp\/v2\/types\/page"}],"author":[{"embeddable":true,"href":"https:\/\/kritzelklar.de\/index.php?rest_route=\/wp\/v2\/users\/1"}],"replies":[{"embeddable":true,"href":"https:\/\/kritzelklar.de\/index.php?rest_route=%2Fwp%2Fv2%2Fcomments&post=4"}],"version-history":[{"count":64,"href":"https:\/\/kritzelklar.de\/index.php?rest_route=\/wp\/v2\/pages\/4\/revisions"}],"predecessor-version":[{"id":1573,"href":"https:\/\/kritzelklar.de\/index.php?rest_route=\/wp\/v2\/pages\/4\/revisions\/1573"}],"wp:attachment":[{"href":"https:\/\/kritzelklar.de\/index.php?rest_route=%2Fwp%2Fv2%2Fmedia&parent=4"}],"curies":[{"name":"wp","href":"https:\/\/api.w.org\/{rel}","templated":true}]}}