{"id":450,"date":"2020-03-14T18:34:07","date_gmt":"2020-03-14T18:34:07","guid":{"rendered":"https:\/\/kollektiv-dunkelbunt.de\/?page_id=450"},"modified":"2023-09-20T15:29:06","modified_gmt":"2023-09-20T15:29:06","slug":"filmscreening-an-der-hans-fallada-grundschule-in-berlin-neukoelln","status":"publish","type":"page","link":"https:\/\/kritzelklar.de\/?page_id=450","title":{"rendered":"Workshop an der Hans-Fallada Grundschule"},"content":{"rendered":"<h3>Feedback-Workshop mit Kindern der Hans-Fallada Grundschule (Berlin-Neuk\u00f6lln)<\/h3>\n<p>\u00a0<\/p>\n<div id=\"metaslider-id-1024\" style=\"max-width: 600px; margin: 0 auto;\" class=\"ml-slider-3-37-0 metaslider metaslider-flex metaslider-1024 ml-slider ms-theme-default\" role=\"region\" aria-roledescription=\"Slideshow\" aria-label=\"New Slideshow\">\n    <div id=\"metaslider_container_1024\">\n        <div id=\"metaslider_1024\">\n            <ul aria-live=\"polite\" class=\"slides\">\n                <li style=\"display: block; width: 100%;\" class=\"slide-1026 ms-image\" aria-roledescription=\"slide\" aria-label=\"slide-1026\"><img src=\"https:\/\/kritzelklar.de\/wp-content\/uploads\/2020\/02\/feedback_workshop_02-e1584262961125-600x400.png\" height=\"400\" width=\"600\" alt=\"\" class=\"slider-1024 slide-1026\" title=\"feedback_workshop_02\" \/><\/li>\n                <li style=\"display: none; width: 100%;\" class=\"slide-1294 ms-image\" aria-roledescription=\"slide\" aria-label=\"slide-1294\"><img src=\"https:\/\/kritzelklar.de\/wp-content\/uploads\/2020\/02\/feedback_workshop_03-600x400.png\" height=\"400\" width=\"600\" alt=\"\" class=\"slider-1024 slide-1294\" title=\"feedback_workshop_03\" \/><\/li>\n                <li style=\"display: none; width: 100%;\" class=\"slide-1295 ms-image\" aria-roledescription=\"slide\" aria-label=\"slide-1295\"><img src=\"https:\/\/kritzelklar.de\/wp-content\/uploads\/2020\/02\/feedback_workshop_01-600x400.png\" height=\"400\" width=\"600\" alt=\"\" class=\"slider-1024 slide-1295\" title=\"feedback_workshop_01\" \/><\/li>\n            <\/ul>\n        <\/div>\n        \n    <\/div>\n<\/div>\n<p>\u00a0<\/p>\n<h4>Zeitraum:<\/h4>\n<p>20.01.2020<\/p>\n<h4>Referentinnen:<\/h4>\n<p>Nana Melling, Florentine Seuffert<\/p>\n<h4>Kurzbeschreibung:<\/h4>\n\n\n<p>25 Kinder aus der 4. Klasse geben wichtiges Feedback zum Teaser der Erkl\u00c3\u00a4rfilmreihe &#8222;Pic und Voice und das Geld&#8220;. Die Zielgruppe mit in den Produktionsprozess der Clips zu integrieren ist wichtiger Bestandteil der eigenen Arbeit. Assoziationen zum Clip, neue Gedanken, Verst\u00e4ndnisfragen, Lob und Kritik: Der Besuch an der Hans-Fallada-Schule in Berlin-Neuk\u00f6lln gibt f\u00fcr die weitere Arbeit viele tolle Impulse!<\/p>\n\n\n<h4>Methoden:<\/h4>\n<ul>\n<li>theaterp\u00e4dagogische Spiele zur Begr\u00fc\u00dfung und Kennenlernen<\/li>\n<li>Filmscreening des Teasers<\/li>\n<li>Assoziationsspiele zum Sammeln von Feedback und Eindr\u00fccken<\/li>\n<\/ul>\n<h4>Ziele:<\/h4>\n\n\n<p>Die Kinder konnten aus der Rolle der rein Lernenden heraustreten und zu Kritiker*innen und Expert*innen werden, die Einfluss nehmen auf die weitere Ausgestaltung der Reihe.<\/p>\n\n\n<p>Geplant ist eine Vielzahl an Workshoptagen, die die Produktion der Reihe &#8222;Pic und Voice und das Geld&#8220; begleiten.<\/p>","protected":false},"excerpt":{"rendered":"<p>Feedback-Workshop mit Kindern der Hans-Fallada Grundschule (Berlin-Neuk\u00f6lln) \u00a0 \u00a0 Zeitraum: 20.01.2020 Referentinnen: Nana Melling, Florentine Seuffert Kurzbeschreibung: 25 Kinder aus der 4. Klasse geben wichtiges Feedback zum Teaser der Erkl\u00c3\u00a4rfilmreihe &#8222;Pic und Voice und das Geld&#8220;. Die Zielgruppe mit in den Produktionsprozess der Clips zu integrieren ist wichtiger Bestandteil der eigenen Arbeit. Assoziationen zum Clip, [&hellip;]<\/p>\n","protected":false},"author":1,"featured_media":0,"parent":0,"menu_order":0,"comment_status":"closed","ping_status":"closed","template":"","meta":[],"_links":{"self":[{"href":"https:\/\/kritzelklar.de\/index.php?rest_route=\/wp\/v2\/pages\/450"}],"collection":[{"href":"https:\/\/kritzelklar.de\/index.php?rest_route=\/wp\/v2\/pages"}],"about":[{"href":"https:\/\/kritzelklar.de\/index.php?rest_route=\/wp\/v2\/types\/page"}],"author":[{"embeddable":true,"href":"https:\/\/kritzelklar.de\/index.php?rest_route=\/wp\/v2\/users\/1"}],"replies":[{"embeddable":true,"href":"https:\/\/kritzelklar.de\/index.php?rest_route=%2Fwp%2Fv2%2Fcomments&post=450"}],"version-history":[{"count":17,"href":"https:\/\/kritzelklar.de\/index.php?rest_route=\/wp\/v2\/pages\/450\/revisions"}],"predecessor-version":[{"id":1501,"href":"https:\/\/kritzelklar.de\/index.php?rest_route=\/wp\/v2\/pages\/450\/revisions\/1501"}],"wp:attachment":[{"href":"https:\/\/kritzelklar.de\/index.php?rest_route=%2Fwp%2Fv2%2Fmedia&parent=450"}],"curies":[{"name":"wp","href":"https:\/\/api.w.org\/{rel}","templated":true}]}}