{"id":6,"date":"2019-10-04T11:44:18","date_gmt":"2019-10-04T11:44:18","guid":{"rendered":"https:\/\/kollektiv-dunkelbunt.de\/?page_id=6"},"modified":"2023-09-20T15:23:56","modified_gmt":"2023-09-20T15:23:56","slug":"ueber-das-format","status":"publish","type":"page","link":"https:\/\/kritzelklar.de\/?page_id=6","title":{"rendered":"\u00dcber das Format"},"content":{"rendered":"\n<figure class=\"wp-block-audio\"><audio controls src=\"https:\/\/kollektiv-dunkelbunt.de\/wp-content\/uploads\/2020\/12\/ich-bin-voice-1.mp3\"><\/audio><\/figure>\n\n\n<p>In dem Erkl\u00e4r-Format \u201e<em>Pic und Voice\u201c<\/em> treten die beiden gro\u00dfen Protagonist*innen des Films Stimme (Voice) und Bild (Pic) gemeinsam und getrennt voneinander auf. Stimmen und Bilder sind Grundbestandteile vor allem von Erkl\u00e4rfilmen und werden in dieser Konzeption zu ganz eigenen Charakteren. Sie erz\u00e4hlen, interagieren miteinander und sind dabei immer auf der Suche nach Antworten auf scheinbar banale Fragen. Ausgehend von klassischen Erkl\u00e4rvideos, findet das Format einen spielerischen Umgang mit den Mitteln des allwissenden Erkl\u00e4rfilms. Das Format \u201e<em>Pic und Voice\u201c<\/em> <em>f\u00f6<\/em>rdert damit kritisches Denken, indem es das Material von herk\u00f6mmlichen Erkl\u00e4rfilmen offenlegt und klassische Narrationen f\u00fcr gesellschaftliche Ph\u00e4nomene in Frage stellt.<\/p>\n<h2>Figuren<\/h2>\n<p>Hier seht ihr wie die beiden Hauptcharaktere von Sch\u00fcler:innen der 5a aus der Hans-Fallada Schule beschrieben werden.<\/p>\n<p><script><br \/>\ndocument.getElementsByClassName('entry-title')[0].style.visibility = 'hidden';<br \/>\n<\/script><\/p>\n\n\n<div class=\"is-layout-flex wp-container-3 wp-block-columns has-2-columns\">\n<div class=\"is-layout-flow wp-block-column\">\n<figure class=\"wp-block-image\"><img decoding=\"async\" loading=\"lazy\" width=\"700\" height=\"700\" src=\"https:\/\/kollektiv-dunkelbunt.de\/wp-content\/uploads\/2021\/06\/PicundVoice_Kids-1-700x700.jpg\" alt=\"\" class=\"wp-image-1082\" srcset=\"https:\/\/kritzelklar.de\/wp-content\/uploads\/2021\/06\/PicundVoice_Kids-1-700x700.jpg 700w, https:\/\/kritzelklar.de\/wp-content\/uploads\/2021\/06\/PicundVoice_Kids-1-150x150.jpg 150w, https:\/\/kritzelklar.de\/wp-content\/uploads\/2021\/06\/PicundVoice_Kids-1-300x300.jpg 300w, https:\/\/kritzelklar.de\/wp-content\/uploads\/2021\/06\/PicundVoice_Kids-1-768x768.jpg 768w, https:\/\/kritzelklar.de\/wp-content\/uploads\/2021\/06\/PicundVoice_Kids-1-820x820.jpg 820w, https:\/\/kritzelklar.de\/wp-content\/uploads\/2021\/06\/PicundVoice_Kids-1.jpg 1080w\" sizes=\"(max-width: 700px) 100vw, 700px\" \/><\/figure>\n<\/div>\n\n\n\n<div class=\"is-layout-flow wp-block-column\">\n<figure class=\"wp-block-image\"><img decoding=\"async\" loading=\"lazy\" width=\"700\" height=\"700\" src=\"https:\/\/kollektiv-dunkelbunt.de\/wp-content\/uploads\/2021\/06\/PicundVoice_Kids2-1-700x700.jpg\" alt=\"\" class=\"wp-image-1083\" srcset=\"https:\/\/kritzelklar.de\/wp-content\/uploads\/2021\/06\/PicundVoice_Kids2-1-700x700.jpg 700w, https:\/\/kritzelklar.de\/wp-content\/uploads\/2021\/06\/PicundVoice_Kids2-1-150x150.jpg 150w, https:\/\/kritzelklar.de\/wp-content\/uploads\/2021\/06\/PicundVoice_Kids2-1-300x300.jpg 300w, https:\/\/kritzelklar.de\/wp-content\/uploads\/2021\/06\/PicundVoice_Kids2-1-768x768.jpg 768w, https:\/\/kritzelklar.de\/wp-content\/uploads\/2021\/06\/PicundVoice_Kids2-1-820x820.jpg 820w, https:\/\/kritzelklar.de\/wp-content\/uploads\/2021\/06\/PicundVoice_Kids2-1.jpg 1080w\" sizes=\"(max-width: 700px) 100vw, 700px\" \/><\/figure>\n<\/div>\n<\/div>\n","protected":false},"excerpt":{"rendered":"<p>In dem Erkl\u00e4r-Format \u201ePic und Voice\u201c treten die beiden gro\u00dfen Protagonist*innen des Films Stimme (Voice) und Bild (Pic) gemeinsam und getrennt voneinander auf. Stimmen und Bilder sind Grundbestandteile vor allem von Erkl\u00e4rfilmen und werden in dieser Konzeption zu ganz eigenen Charakteren. Sie erz\u00e4hlen, interagieren miteinander und sind dabei immer auf der Suche nach Antworten auf [&hellip;]<\/p>\n","protected":false},"author":1,"featured_media":0,"parent":4,"menu_order":0,"comment_status":"closed","ping_status":"closed","template":"","meta":[],"_links":{"self":[{"href":"https:\/\/kritzelklar.de\/index.php?rest_route=\/wp\/v2\/pages\/6"}],"collection":[{"href":"https:\/\/kritzelklar.de\/index.php?rest_route=\/wp\/v2\/pages"}],"about":[{"href":"https:\/\/kritzelklar.de\/index.php?rest_route=\/wp\/v2\/types\/page"}],"author":[{"embeddable":true,"href":"https:\/\/kritzelklar.de\/index.php?rest_route=\/wp\/v2\/users\/1"}],"replies":[{"embeddable":true,"href":"https:\/\/kritzelklar.de\/index.php?rest_route=%2Fwp%2Fv2%2Fcomments&post=6"}],"version-history":[{"count":24,"href":"https:\/\/kritzelklar.de\/index.php?rest_route=\/wp\/v2\/pages\/6\/revisions"}],"predecessor-version":[{"id":1496,"href":"https:\/\/kritzelklar.de\/index.php?rest_route=\/wp\/v2\/pages\/6\/revisions\/1496"}],"up":[{"embeddable":true,"href":"https:\/\/kritzelklar.de\/index.php?rest_route=\/wp\/v2\/pages\/4"}],"wp:attachment":[{"href":"https:\/\/kritzelklar.de\/index.php?rest_route=%2Fwp%2Fv2%2Fmedia&parent=6"}],"curies":[{"name":"wp","href":"https:\/\/api.w.org\/{rel}","templated":true}]}}