{"id":827,"date":"2020-12-04T15:07:04","date_gmt":"2020-12-04T15:07:04","guid":{"rendered":"https:\/\/kollektiv-dunkelbunt.de\/?page_id=827"},"modified":"2023-09-20T15:27:37","modified_gmt":"2023-09-20T15:27:37","slug":"digitale-filmwerkstaetten-mit-der-hans-fallada-schule-in-berlin-neukoelln","status":"publish","type":"page","link":"https:\/\/kritzelklar.de\/?page_id=827","title":{"rendered":"Filmwerkst\u00e4tten mit der Hans Fallada Schule in Berlin Neuk\u00f6lln (digital)"},"content":{"rendered":"\n<h4>Hier geht es zu Eindr\u00fccken aus den einzelnen Terminen: <\/h4>\n\n\n\n<p><a href=\"https:\/\/kollektiv-dunkelbunt.de\/?page_id=773\">Filmwerkstatt zu Clip 1<\/a><\/p>\n\n\n\n<p><a href=\"https:\/\/kollektiv-dunkelbunt.de\/?page_id=789\">Filmwerkstatt zu Clip 2<\/a><\/p>\n\n\n\n<p><a href=\"https:\/\/kollektiv-dunkelbunt.de\/?page_id=946\">Filmwerkstatt zu Clip 3<\/a><\/p>\n\n\n\n<p><a href=\"https:\/\/kollektiv-dunkelbunt.de\/?page_id=1016\">Filmwerkstatt zu Clip 4<\/a><\/p>\n\n\n\n<p><a href=\"https:\/\/kollektiv-dunkelbunt.de\/?page_id=1000\">Filmwerkstatt zu Clip 5<\/a><\/p>\n\n\n\n<p><\/p>\n\n\n\n<h4>Projektskizze:<\/h4>\n\n\n\n<p>Geld ist wichtig, Geld ist praktisch und allgegenw\u00e4rtig. Aber Geld ist vor allem eins: notwendig! Was ist eigentlich Geld und warum brauchen wir es st\u00e4ndig? Diesen Fragen gehen wir mit Kindern der 5a aus der Hans Fallada Schule nach. Das Projekt \u201ePic und Voice und das Geld\u201c ist eine partizipative Produktion von Erkl\u00e4rfilmen zu dem \u00f6konomischen Themenkomplex Geld.<\/p>\n\n\n\n<p>In enger Zusammenarbeit mit Kindern entsteht eine 6-teilige Reihe von Erkl\u00e4rfilmen (je 3-5 Min.). Von Oktober 2020 bis April 2021 setzen sich die Kinder in sechs Filmwerkst\u00e4tten mit den Themen Geld und Arbeit altersgerecht auseinander und werden dabei selbst gefordert, gef\u00f6rdert und zum Mitdenken angeregt. Zwischen den Filmwerkst\u00e4tten werden auf Grundlage der Ideen und Vorschl\u00e4ge der Kinder die Clips von Animator*innen gestaltet.<\/p>\n\n\n\n<p>Angelehnt an das Konzept des Forschenden Lernens verfolgen die Filmwerkst\u00e4tten das Ziel, dass die Kinder sich als Filmkritiker*innen und Zeichner*innen selbst die Frage \u201eWas ist Geld?\u201c erschlie\u00dfen. Einerseits lernen die Kinder, indem sie Teil der Filmproduktion werden, wie ein Animationsfilm produziert wird und experimentieren mit der k\u00fcnstlerischen Darstellung. Andererseits entdecken sie ihren eigenen Zugang zu der Thematik. Indem sie Antworten finden und genau beobachten, k\u00f6nnen sie Beziehungen und Verbindungen entdecken. Mit diesem gemeinschaftlichen Projekt zwischen professioneller Filmproduktion und partizipativer Filmwerkstatt soll ein Lernen von- und miteinander erm\u00f6glicht werden.<\/p>\n\n\n\n<p><\/p>\n\n\n\n<hr class=\"wp-block-separator\"\/>\n\n\n\n<div style=\"height:100px\" aria-hidden=\"true\" class=\"wp-block-spacer\"><\/div>\n\n\n\n<p class=\"has-text-align-center\">Das Projekt wird finanziell gef\u00f6rdert von der PwC Stiftung und der Rosa Luxemburg Stiftung. <\/p>\n\n\n\n<div class=\"wp-block-image\"><figure class=\"aligncenter is-resized\"><img decoding=\"async\" loading=\"lazy\" src=\"https:\/\/kollektiv-dunkelbunt.de\/wp-content\/uploads\/2020\/12\/PwC_Stiftung_black_ohne-Unterzeile-1-700x145.jpg\" alt=\"\" class=\"wp-image-893\" width=\"525\" height=\"109\" srcset=\"https:\/\/kritzelklar.de\/wp-content\/uploads\/2020\/12\/PwC_Stiftung_black_ohne-Unterzeile-1-700x145.jpg 700w, https:\/\/kritzelklar.de\/wp-content\/uploads\/2020\/12\/PwC_Stiftung_black_ohne-Unterzeile-1-300x62.jpg 300w, https:\/\/kritzelklar.de\/wp-content\/uploads\/2020\/12\/PwC_Stiftung_black_ohne-Unterzeile-1-768x159.jpg 768w, https:\/\/kritzelklar.de\/wp-content\/uploads\/2020\/12\/PwC_Stiftung_black_ohne-Unterzeile-1-820x170.jpg 820w, https:\/\/kritzelklar.de\/wp-content\/uploads\/2020\/12\/PwC_Stiftung_black_ohne-Unterzeile-1.jpg 1350w\" sizes=\"(max-width: 525px) 100vw, 525px\" \/><\/figure><\/div>\n\n\n\n<div class=\"wp-block-image\"><figure class=\"aligncenter is-resized\"><img decoding=\"async\" loading=\"lazy\" src=\"https:\/\/kollektiv-dunkelbunt.de\/wp-content\/uploads\/2020\/11\/RLS_Logo-einzeilig-flatter_unten_links_de-1-700x92.jpg\" alt=\"\" class=\"wp-image-670\" width=\"525\" height=\"69\"\/><\/figure><\/div>\n\n\n\n<p><br><\/p>\n","protected":false},"excerpt":{"rendered":"<p>Hier geht es zu Eindr\u00fccken aus den einzelnen Terminen: Filmwerkstatt zu Clip 1 Filmwerkstatt zu Clip 2 Filmwerkstatt zu Clip 3 Filmwerkstatt zu Clip 4 Filmwerkstatt zu Clip 5 Projektskizze: Geld ist wichtig, Geld ist praktisch und allgegenw\u00e4rtig. Aber Geld ist vor allem eins: notwendig! Was ist eigentlich Geld und warum brauchen wir es st\u00e4ndig? [&hellip;]<\/p>\n","protected":false},"author":1,"featured_media":0,"parent":0,"menu_order":0,"comment_status":"closed","ping_status":"closed","template":"","meta":[],"_links":{"self":[{"href":"https:\/\/kritzelklar.de\/index.php?rest_route=\/wp\/v2\/pages\/827"}],"collection":[{"href":"https:\/\/kritzelklar.de\/index.php?rest_route=\/wp\/v2\/pages"}],"about":[{"href":"https:\/\/kritzelklar.de\/index.php?rest_route=\/wp\/v2\/types\/page"}],"author":[{"embeddable":true,"href":"https:\/\/kritzelklar.de\/index.php?rest_route=\/wp\/v2\/users\/1"}],"replies":[{"embeddable":true,"href":"https:\/\/kritzelklar.de\/index.php?rest_route=%2Fwp%2Fv2%2Fcomments&post=827"}],"version-history":[{"count":16,"href":"https:\/\/kritzelklar.de\/index.php?rest_route=\/wp\/v2\/pages\/827\/revisions"}],"predecessor-version":[{"id":1499,"href":"https:\/\/kritzelklar.de\/index.php?rest_route=\/wp\/v2\/pages\/827\/revisions\/1499"}],"wp:attachment":[{"href":"https:\/\/kritzelklar.de\/index.php?rest_route=%2Fwp%2Fv2%2Fmedia&parent=827"}],"curies":[{"name":"wp","href":"https:\/\/api.w.org\/{rel}","templated":true}]}}